{"id":24218,"date":"2025-10-19T05:41:44","date_gmt":"2025-10-19T05:41:44","guid":{"rendered":"https:\/\/itinerary.do\/?page_id=24218"},"modified":"2025-11-10T11:42:25","modified_gmt":"2025-11-10T11:42:25","slug":"mexico","status":"publish","type":"page","link":"https:\/\/itinerary.do\/es\/mexico\/","title":{"rendered":"M\u00e9xico"},"content":{"rendered":"<div data-elementor-type=\"wp-page\" data-elementor-id=\"24218\" class=\"elementor elementor-24218\">\n\t\t\t\t<div class=\"wd-negative-gap elementor-element elementor-element-23546e2 wd-section-stretch e-flex e-con-boxed e-con e-parent\" data-id=\"23546e2\" data-element_type=\"container\" data-settings=\"{&quot;background_background&quot;:&quot;classic&quot;}\">\n\t\t\t\t\t<div class=\"e-con-inner\">\n\t\t\t\t\t<\/div>\n\t\t\t\t<\/div>\n\t\t\t\t<section class=\"wd-negative-gap elementor-section elementor-top-section elementor-element elementor-element-58a78145 elementor-section-boxed elementor-section-height-default elementor-section-height-default\" data-id=\"58a78145\" data-element_type=\"section\">\n\t\t\t\t\t\t<div class=\"elementor-container elementor-column-gap-default\">\n\t\t\t\t\t<div class=\"elementor-column elementor-col-100 elementor-top-column elementor-element elementor-element-527c601c\" data-id=\"527c601c\" data-element_type=\"column\">\n\t\t\t<div class=\"elementor-widget-wrap elementor-element-populated\">\n\t\t\t\t\t\t<div class=\"elementor-element elementor-element-34d2f4b0 wd-width-100 elementor-widget elementor-widget-wd_title\" data-id=\"34d2f4b0\" data-element_type=\"widget\" data-widget_type=\"wd_title.default\">\n\t\t\t\t<div class=\"elementor-widget-container\">\n\t\t\t\t\t\t\t<div class=\"title-wrapper wd-set-mb reset-last-child wd-title-color-primary wd-title-style-bordered wd-title-size-default text-center\">\n\n\t\t\t\t\t\t\t\t\t\t\t<div class=\"title-subtitle subtitle-color-primary subtitle-style-default wd-fontsize-xs\">\n\t\t\t\t\tVibrant Streets, Ancient Spirits \u2014 Welcome to\t\t\t\t<\/div>\n\t\t\t\n\t\t\t<div class=\"liner-continer\">\n\t\t\t\t<h4 class=\"woodmart-title-container title wd-fontsize-l\">M\u00e9xico<\/h4> \n\t\t\t\t\t\t\t<\/div>\n\n\t\t\t\t\t<\/div>\n\t\t\t\t\t\t<\/div>\n\t\t\t\t<\/div>\n\t\t\t\t<div class=\"elementor-element elementor-element-62c769ed elementor-widget elementor-widget-wd_timeline\" data-id=\"62c769ed\" data-element_type=\"widget\" data-widget_type=\"wd_timeline.default\">\n\t\t\t\t<div class=\"elementor-widget-container\">\n\t\t\t\t\t\t\t<div class=\"wd-timeline-wrapper wd-item-shadow wd-line-dashed\">\n\t\t\t<div class=\"woodmart-timeline-line\">\n\t\t\t\t<span class=\"line-dot dot-start\"><\/span>\n\t\t\t\t<span class=\"line-dot dot-end\"><\/span>\n\t\t\t<\/div>\n\n\t\t\t<div class=\"wd-timeline\">\n\t\t\t\t\t\t\t\t\t\t\t\t\t\t\t\t\t\t\t\t<div class=\"wd-timeline-breakpoint elementor-repeater-item-72517f7\">\n\t\t\t\t\t\t\t<span class=\"woodmart-timeline-breakpoint-title\">\n\t\t\t\t\t\t\t\tCDMX\t\t\t\t\t\t\t<\/span>\n\t\t\t\t\t\t<\/div>\n\t\t\t\t\t\t\t\t\t\t\t\t\t\t\t\t\t\t\t\t\t\t\t\t\t<div class=\"wd-timeline-item wd-item-position-left elementor-repeater-item-aef73d4\">\n\t\t\t\t\t\t\t<div class=\"woodmart-timeline-dot\"><\/div>\n\n\t\t\t\t\t\t\t<div class=\"timeline-col timeline-col-primary\">\n\t\t\t\t\t\t\t\t<span class=\"timeline-arrow\"><\/span>\n\t\t\t\t\t\t\t\t\n\t\t\t\t\t\t\t\t\n\t\t\t\t\t\t\t\t<div class=\"wd-timeline-content wd-set-mb reset-last-child\">\n\t\t\t\t\t\t\t\t\t<p>Ciudad de M\u00e9xico (CDMX), capital vibrante, fusiona ruinas aztecas con rascacielos modernos. Imperdibles: Z\u00f3calo con Catedral y Templo Mayor; pir\u00e1mides de Teotihuac\u00e1n cercanas; Casa Azul de Frida Kahlo en Coyoac\u00e1n; museos en Chapultepec. Disfruta tacos callejeros, mariachi en Garibaldi y trajineras en Xochimilco. Destino todo el a\u00f1o; primavera (mar\u2013may) trae 20\u201325\u00b0C y menos turistas.<\/p>\t\t\t\t\t\t\t\t<\/div>\n\t\t\t\t\t\t\t<\/div>\n\n\t\t\t\t\t\t\t<div class=\"timeline-col timeline-col-secondary\">\n\t\t\t\t\t\t\t\t<span class=\"timeline-arrow\"><\/span>\n\t\t\t\t\t\t\t\t\t\t\t\t\t\t\t\t\t<div class=\"wd-timeline-image\">\n\t\t\t\t\t\t\t\t\t\t<img loading=\"lazy\" decoding=\"async\" width=\"1440\" height=\"810\" src=\"https:\/\/itinerary.do\/wp-content\/uploads\/2025\/11\/mexico_cdmx.jpeg\" class=\"attachment-full size-full\" alt=\"\" srcset=\"https:\/\/itinerary.do\/wp-content\/uploads\/2025\/11\/mexico_cdmx.jpeg 1440w, https:\/\/itinerary.do\/wp-content\/uploads\/2025\/11\/mexico_cdmx-430x242.jpeg 430w, https:\/\/itinerary.do\/wp-content\/uploads\/2025\/11\/mexico_cdmx-150x84.jpeg 150w, https:\/\/itinerary.do\/wp-content\/uploads\/2025\/11\/mexico_cdmx-700x394.jpeg 700w, https:\/\/itinerary.do\/wp-content\/uploads\/2025\/11\/mexico_cdmx-400x225.jpeg 400w, https:\/\/itinerary.do\/wp-content\/uploads\/2025\/11\/mexico_cdmx-1300x731.jpeg 1300w, https:\/\/itinerary.do\/wp-content\/uploads\/2025\/11\/mexico_cdmx-768x432.jpeg 768w\" sizes=\"auto, (max-width: 1440px) 100vw, 1440px\" \/>\t\t\t\t\t\t\t\t\t<\/div>\n\t\t\t\t\t\t\t\t\n\t\t\t\t\t\t\t\t\n\t\t\t\t\t\t\t\t<div class=\"wd-timeline-content wd-set-mb reset-last-child\">\n\t\t\t\t\t\t\t\t\t\t\t\t\t\t\t\t\t<\/div>\n\t\t\t\t\t\t\t<\/div>\n\t\t\t\t\t\t<\/div>\n\t\t\t\t\t\t\t\t\t\t\t\t\t\t\t\t\t\t\t\t\t\t\t\t\t<div class=\"wd-timeline-breakpoint elementor-repeater-item-be949da\">\n\t\t\t\t\t\t\t<span class=\"woodmart-timeline-breakpoint-title\">\n\t\t\t\t\t\t\t\tSan Miguel de Allende\t\t\t\t\t\t\t<\/span>\n\t\t\t\t\t\t<\/div>\n\t\t\t\t\t\t\t\t\t\t\t\t\t\t\t\t\t\t\t\t\t\t\t\t\t<div class=\"wd-timeline-item wd-item-position-right elementor-repeater-item-f40ab6a\">\n\t\t\t\t\t\t\t<div class=\"woodmart-timeline-dot\"><\/div>\n\n\t\t\t\t\t\t\t<div class=\"timeline-col timeline-col-primary\">\n\t\t\t\t\t\t\t\t<span class=\"timeline-arrow\"><\/span>\n\t\t\t\t\t\t\t\t\n\t\t\t\t\t\t\t\t\n\t\t\t\t\t\t\t\t<div class=\"wd-timeline-content wd-set-mb reset-last-child\">\n\t\t\t\t\t\t\t\t\t<p>San Miguel de Allende, joya UNESCO en el centro de M\u00e9xico, cautiva con su arquitectura colonial preservada, vibrante escena art\u00edstica y calles empedradas. Destacan la rosada Parroquia de San Miguel Arc\u00e1ngel, \u00edcono neog\u00f3tico; mercados animados y galer\u00edas de artesan\u00edas locales. Ideal para inmersi\u00f3n cultural, fiestas como D\u00eda de Muertos y vuelos en globo sobre las sierras. Visitable todo el a\u00f1o, con clima templado (15\u201325\u00b0C).<\/p>\t\t\t\t\t\t\t\t<\/div>\n\t\t\t\t\t\t\t<\/div>\n\n\t\t\t\t\t\t\t<div class=\"timeline-col timeline-col-secondary\">\n\t\t\t\t\t\t\t\t<span class=\"timeline-arrow\"><\/span>\n\t\t\t\t\t\t\t\t\t\t\t\t\t\t\t\t\t<div class=\"wd-timeline-image\">\n\t\t\t\t\t\t\t\t\t\t<img loading=\"lazy\" decoding=\"async\" width=\"1440\" height=\"810\" src=\"https:\/\/itinerary.do\/wp-content\/uploads\/2025\/11\/san_miguel_de_allende_mexico.jpeg\" class=\"attachment-full size-full\" alt=\"\" srcset=\"https:\/\/itinerary.do\/wp-content\/uploads\/2025\/11\/san_miguel_de_allende_mexico.jpeg 1440w, https:\/\/itinerary.do\/wp-content\/uploads\/2025\/11\/san_miguel_de_allende_mexico-430x242.jpeg 430w, https:\/\/itinerary.do\/wp-content\/uploads\/2025\/11\/san_miguel_de_allende_mexico-150x84.jpeg 150w, https:\/\/itinerary.do\/wp-content\/uploads\/2025\/11\/san_miguel_de_allende_mexico-700x394.jpeg 700w, https:\/\/itinerary.do\/wp-content\/uploads\/2025\/11\/san_miguel_de_allende_mexico-400x225.jpeg 400w, https:\/\/itinerary.do\/wp-content\/uploads\/2025\/11\/san_miguel_de_allende_mexico-1300x731.jpeg 1300w, https:\/\/itinerary.do\/wp-content\/uploads\/2025\/11\/san_miguel_de_allende_mexico-768x432.jpeg 768w\" sizes=\"auto, (max-width: 1440px) 100vw, 1440px\" \/>\t\t\t\t\t\t\t\t\t<\/div>\n\t\t\t\t\t\t\t\t\n\t\t\t\t\t\t\t\t\n\t\t\t\t\t\t\t\t<div class=\"wd-timeline-content wd-set-mb reset-last-child\">\n\t\t\t\t\t\t\t\t\t\t\t\t\t\t\t\t\t<\/div>\n\t\t\t\t\t\t\t<\/div>\n\t\t\t\t\t\t<\/div>\n\t\t\t\t\t\t\t\t\t\t\t\t\t\t\t\t\t\t\t\t\t\t\t\t\t<div class=\"wd-timeline-breakpoint elementor-repeater-item-85d82fc\">\n\t\t\t\t\t\t\t<span class=\"woodmart-timeline-breakpoint-title\">\n\t\t\t\t\t\t\t\tPlaya del Carmen\t\t\t\t\t\t\t<\/span>\n\t\t\t\t\t\t<\/div>\n\t\t\t\t\t\t\t\t\t\t\t\t\t\t\t\t\t\t\t\t\t\t\t\t\t<div class=\"wd-timeline-item wd-item-position-left elementor-repeater-item-d06a9fb\">\n\t\t\t\t\t\t\t<div class=\"woodmart-timeline-dot\"><\/div>\n\n\t\t\t\t\t\t\t<div class=\"timeline-col timeline-col-primary\">\n\t\t\t\t\t\t\t\t<span class=\"timeline-arrow\"><\/span>\n\t\t\t\t\t\t\t\t\n\t\t\t\t\t\t\t\t\n\t\t\t\t\t\t\t\t<div class=\"wd-timeline-content wd-set-mb reset-last-child\">\n\t\t\t\t\t\t\t\t\t<p>Playa del Carmen, centro playero animado de Riviera Maya, ofrece aguas turquesa y arenas blancas. Recorre Quinta Avenida con tiendas, bares y cocina internacional; bucea en cenotes o el Arrecife Mesoamericano; toma ferry a Cozumel. Noche vibrante y ruinas de Tulum cercanas. Ideal dic\u2013abr con 25\u201330\u00b0C seco; evita huracanes (jun\u2013nov).<\/p>\t\t\t\t\t\t\t\t<\/div>\n\t\t\t\t\t\t\t<\/div>\n\n\t\t\t\t\t\t\t<div class=\"timeline-col timeline-col-secondary\">\n\t\t\t\t\t\t\t\t<span class=\"timeline-arrow\"><\/span>\n\t\t\t\t\t\t\t\t\t\t\t\t\t\t\t\t\t<div class=\"wd-timeline-image\">\n\t\t\t\t\t\t\t\t\t\t<img loading=\"lazy\" decoding=\"async\" width=\"1440\" height=\"810\" src=\"https:\/\/itinerary.do\/wp-content\/uploads\/2025\/11\/mexico_playa_del_carmen.jpeg\" class=\"attachment-full size-full\" alt=\"\" srcset=\"https:\/\/itinerary.do\/wp-content\/uploads\/2025\/11\/mexico_playa_del_carmen.jpeg 1440w, https:\/\/itinerary.do\/wp-content\/uploads\/2025\/11\/mexico_playa_del_carmen-430x242.jpeg 430w, https:\/\/itinerary.do\/wp-content\/uploads\/2025\/11\/mexico_playa_del_carmen-150x84.jpeg 150w, https:\/\/itinerary.do\/wp-content\/uploads\/2025\/11\/mexico_playa_del_carmen-700x394.jpeg 700w, https:\/\/itinerary.do\/wp-content\/uploads\/2025\/11\/mexico_playa_del_carmen-400x225.jpeg 400w, https:\/\/itinerary.do\/wp-content\/uploads\/2025\/11\/mexico_playa_del_carmen-1300x731.jpeg 1300w, https:\/\/itinerary.do\/wp-content\/uploads\/2025\/11\/mexico_playa_del_carmen-768x432.jpeg 768w\" sizes=\"auto, (max-width: 1440px) 100vw, 1440px\" \/>\t\t\t\t\t\t\t\t\t<\/div>\n\t\t\t\t\t\t\t\t\n\t\t\t\t\t\t\t\t\n\t\t\t\t\t\t\t\t<div class=\"wd-timeline-content wd-set-mb reset-last-child\">\n\t\t\t\t\t\t\t\t\t\t\t\t\t\t\t\t\t<\/div>\n\t\t\t\t\t\t\t<\/div>\n\t\t\t\t\t\t<\/div>\n\t\t\t\t\t\t\t\t\t\t\t\t\t\t\t\t\t\t\t\t\t\t\t\t\t<div class=\"wd-timeline-breakpoint elementor-repeater-item-abcf90e\">\n\t\t\t\t\t\t\t<span class=\"woodmart-timeline-breakpoint-title\">\n\t\t\t\t\t\t\t\tTulum\t\t\t\t\t\t\t<\/span>\n\t\t\t\t\t\t<\/div>\n\t\t\t\t\t\t\t\t\t\t\t\t\t\t\t\t\t\t\t\t\t\t\t\t\t<div class=\"wd-timeline-item wd-item-position-right elementor-repeater-item-6f97302\">\n\t\t\t\t\t\t\t<div class=\"woodmart-timeline-dot\"><\/div>\n\n\t\t\t\t\t\t\t<div class=\"timeline-col timeline-col-primary\">\n\t\t\t\t\t\t\t\t<span class=\"timeline-arrow\"><\/span>\n\t\t\t\t\t\t\t\t\n\t\t\t\t\t\t\t\t\n\t\t\t\t\t\t\t\t<div class=\"wd-timeline-content wd-set-mb reset-last-child\">\n\t\t\t\t\t\t\t\t\t<p>Tulum, joya bohemia de Riviera Maya, une playas caribe\u00f1as con ruinas mayas sobre acantilados y olas turquesa. Visita el sitio arqueol\u00f3gico amurallado, nada en cenotes sagrados o rel\u00e1jate en clubes eco-chic. Retiros de yoga, tiendas boutique y cocina de granja abundan. Ideal dic\u2013abr con 25\u201330\u00b0C soleado; vibra ecol\u00f3gica todo el a\u00f1o.<\/p>\t\t\t\t\t\t\t\t<\/div>\n\t\t\t\t\t\t\t<\/div>\n\n\t\t\t\t\t\t\t<div class=\"timeline-col timeline-col-secondary\">\n\t\t\t\t\t\t\t\t<span class=\"timeline-arrow\"><\/span>\n\t\t\t\t\t\t\t\t\t\t\t\t\t\t\t\t\t<div class=\"wd-timeline-image\">\n\t\t\t\t\t\t\t\t\t\t<img loading=\"lazy\" decoding=\"async\" width=\"1440\" height=\"810\" src=\"https:\/\/itinerary.do\/wp-content\/uploads\/2025\/11\/tulum_mexico.jpeg\" class=\"attachment-full size-full\" alt=\"\" srcset=\"https:\/\/itinerary.do\/wp-content\/uploads\/2025\/11\/tulum_mexico.jpeg 1440w, https:\/\/itinerary.do\/wp-content\/uploads\/2025\/11\/tulum_mexico-430x242.jpeg 430w, https:\/\/itinerary.do\/wp-content\/uploads\/2025\/11\/tulum_mexico-150x84.jpeg 150w, https:\/\/itinerary.do\/wp-content\/uploads\/2025\/11\/tulum_mexico-700x394.jpeg 700w, https:\/\/itinerary.do\/wp-content\/uploads\/2025\/11\/tulum_mexico-400x225.jpeg 400w, https:\/\/itinerary.do\/wp-content\/uploads\/2025\/11\/tulum_mexico-1300x731.jpeg 1300w, https:\/\/itinerary.do\/wp-content\/uploads\/2025\/11\/tulum_mexico-768x432.jpeg 768w\" sizes=\"auto, (max-width: 1440px) 100vw, 1440px\" \/>\t\t\t\t\t\t\t\t\t<\/div>\n\t\t\t\t\t\t\t\t\n\t\t\t\t\t\t\t\t\n\t\t\t\t\t\t\t\t<div class=\"wd-timeline-content wd-set-mb reset-last-child\">\n\t\t\t\t\t\t\t\t\t\t\t\t\t\t\t\t\t<\/div>\n\t\t\t\t\t\t\t<\/div>\n\t\t\t\t\t\t<\/div>\n\t\t\t\t\t\t\t\t\t\t\t\t\t\t\t\t\t\t\t\t\t\t\t\t\t<div class=\"wd-timeline-breakpoint elementor-repeater-item-0a44f48\">\n\t\t\t\t\t\t\t<span class=\"woodmart-timeline-breakpoint-title\">\n\t\t\t\t\t\t\t\tCanc\u00fan\t\t\t\t\t\t\t<\/span>\n\t\t\t\t\t\t<\/div>\n\t\t\t\t\t\t\t\t\t\t\t\t\t\t\t\t\t\t\t\t\t\t\t\t\t<div class=\"wd-timeline-item wd-item-position-left elementor-repeater-item-d4db861\">\n\t\t\t\t\t\t\t<div class=\"woodmart-timeline-dot\"><\/div>\n\n\t\t\t\t\t\t\t<div class=\"timeline-col timeline-col-primary\">\n\t\t\t\t\t\t\t\t<span class=\"timeline-arrow\"><\/span>\n\t\t\t\t\t\t\t\t\n\t\t\t\t\t\t\t\t\n\t\t\t\t\t\t\t\t<div class=\"wd-timeline-content wd-set-mb reset-last-child\">\n\t\t\t\t\t\t\t\t\t<p>Canc\u00fan, capital resort de Riviera Maya, brilla con aguas esmeralda y playas de arena blanca. Rel\u00e1jate en all-inclusives de Zona Hotelera, bucea el Gran Arrecife Maya o festeja en Coco Bongo. Excursiones a Chich\u00e9n Itz\u00e1 o Isla Mujeres. Temporada alta dic\u2013abr con 25\u201330\u00b0C soleado; riesgo de huracanes jun\u2013nov. Perfecto para lujo, aventura y vida nocturna.<\/p>\t\t\t\t\t\t\t\t<\/div>\n\t\t\t\t\t\t\t<\/div>\n\n\t\t\t\t\t\t\t<div class=\"timeline-col timeline-col-secondary\">\n\t\t\t\t\t\t\t\t<span class=\"timeline-arrow\"><\/span>\n\t\t\t\t\t\t\t\t\t\t\t\t\t\t\t\t\t<div class=\"wd-timeline-image\">\n\t\t\t\t\t\t\t\t\t\t<img loading=\"lazy\" decoding=\"async\" width=\"1440\" height=\"810\" src=\"https:\/\/itinerary.do\/wp-content\/uploads\/2025\/11\/canc_n_mexico.jpeg\" class=\"attachment-full size-full\" alt=\"\" srcset=\"https:\/\/itinerary.do\/wp-content\/uploads\/2025\/11\/canc_n_mexico.jpeg 1440w, https:\/\/itinerary.do\/wp-content\/uploads\/2025\/11\/canc_n_mexico-430x242.jpeg 430w, https:\/\/itinerary.do\/wp-content\/uploads\/2025\/11\/canc_n_mexico-150x84.jpeg 150w, https:\/\/itinerary.do\/wp-content\/uploads\/2025\/11\/canc_n_mexico-700x394.jpeg 700w, https:\/\/itinerary.do\/wp-content\/uploads\/2025\/11\/canc_n_mexico-400x225.jpeg 400w, https:\/\/itinerary.do\/wp-content\/uploads\/2025\/11\/canc_n_mexico-1300x731.jpeg 1300w, https:\/\/itinerary.do\/wp-content\/uploads\/2025\/11\/canc_n_mexico-768x432.jpeg 768w\" sizes=\"auto, (max-width: 1440px) 100vw, 1440px\" \/>\t\t\t\t\t\t\t\t\t<\/div>\n\t\t\t\t\t\t\t\t\n\t\t\t\t\t\t\t\t\n\t\t\t\t\t\t\t\t<div class=\"wd-timeline-content wd-set-mb reset-last-child\">\n\t\t\t\t\t\t\t\t\t\t\t\t\t\t\t\t\t<\/div>\n\t\t\t\t\t\t\t<\/div>\n\t\t\t\t\t\t<\/div>\n\t\t\t\t\t\t\t\t\t\t\t\t<\/div>\n\t\t<\/div>\n\t\t\t\t\t\t<\/div>\n\t\t\t\t<\/div>\n\t\t\t\t\t<\/div>\n\t\t<\/div>\n\t\t\t\t\t<\/div>\n\t\t<\/section>\n\t\t\t\t<\/div>","protected":false},"excerpt":{"rendered":"<p>Vibrant Streets, Ancient Spirits \u2014 Welcome to Mexico CDMX Mexico City (CDMX), the vibrant capital, blends ancient Aztec ruins with<\/p>","protected":false},"author":2,"featured_media":0,"parent":0,"menu_order":0,"comment_status":"closed","ping_status":"closed","template":"","meta":{"footnotes":""},"class_list":["post-24218","page","type-page","status-publish","hentry"],"_links":{"self":[{"href":"https:\/\/itinerary.do\/es\/wp-json\/wp\/v2\/pages\/24218","targetHints":{"allow":["GET"]}}],"collection":[{"href":"https:\/\/itinerary.do\/es\/wp-json\/wp\/v2\/pages"}],"about":[{"href":"https:\/\/itinerary.do\/es\/wp-json\/wp\/v2\/types\/page"}],"author":[{"embeddable":true,"href":"https:\/\/itinerary.do\/es\/wp-json\/wp\/v2\/users\/2"}],"replies":[{"embeddable":true,"href":"https:\/\/itinerary.do\/es\/wp-json\/wp\/v2\/comments?post=24218"}],"version-history":[{"count":34,"href":"https:\/\/itinerary.do\/es\/wp-json\/wp\/v2\/pages\/24218\/revisions"}],"predecessor-version":[{"id":24482,"href":"https:\/\/itinerary.do\/es\/wp-json\/wp\/v2\/pages\/24218\/revisions\/24482"}],"wp:attachment":[{"href":"https:\/\/itinerary.do\/es\/wp-json\/wp\/v2\/media?parent=24218"}],"curies":[{"name":"wp","href":"https:\/\/api.w.org\/{rel}","templated":true}]}}