{"id":24289,"date":"2025-10-21T15:31:55","date_gmt":"2025-10-21T15:31:55","guid":{"rendered":"https:\/\/itinerary.do\/?page_id=24289"},"modified":"2025-11-10T14:40:49","modified_gmt":"2025-11-10T14:40:49","slug":"guatemala","status":"publish","type":"page","link":"https:\/\/itinerary.do\/es\/guatemala\/","title":{"rendered":"Guatemala"},"content":{"rendered":"<div data-elementor-type=\"wp-page\" data-elementor-id=\"24289\" class=\"elementor elementor-24289\">\n\t\t\t\t<div class=\"wd-negative-gap elementor-element elementor-element-23546e2 wd-section-stretch e-flex e-con-boxed e-con e-parent\" data-id=\"23546e2\" data-element_type=\"container\" data-settings=\"{&quot;background_background&quot;:&quot;classic&quot;}\">\n\t\t\t\t\t<div class=\"e-con-inner\">\n\t\t\t\t\t<\/div>\n\t\t\t\t<\/div>\n\t\t\t\t<section class=\"wd-negative-gap elementor-section elementor-top-section elementor-element elementor-element-58a78145 elementor-section-boxed elementor-section-height-default elementor-section-height-default\" data-id=\"58a78145\" data-element_type=\"section\">\n\t\t\t\t\t\t<div class=\"elementor-container elementor-column-gap-default\">\n\t\t\t\t\t<div class=\"elementor-column elementor-col-100 elementor-top-column elementor-element elementor-element-527c601c\" data-id=\"527c601c\" data-element_type=\"column\">\n\t\t\t<div class=\"elementor-widget-wrap elementor-element-populated\">\n\t\t\t\t\t\t<div class=\"elementor-element elementor-element-34d2f4b0 wd-width-100 elementor-widget elementor-widget-wd_title\" data-id=\"34d2f4b0\" data-element_type=\"widget\" data-widget_type=\"wd_title.default\">\n\t\t\t\t<div class=\"elementor-widget-container\">\n\t\t\t\t\t\t\t<div class=\"title-wrapper wd-set-mb reset-last-child wd-title-color-primary wd-title-style-bordered wd-title-size-default text-center\">\n\n\t\t\t\t\t\t\t\t\t\t\t<div class=\"title-subtitle subtitle-color-primary subtitle-style-default wd-fontsize-xs\">\n\t\t\t\t\tWhere the Past Still Breathes \u2014 Guatemala Awaits\t\t\t\t<\/div>\n\t\t\t\n\t\t\t<div class=\"liner-continer\">\n\t\t\t\t<h4 class=\"woodmart-title-container title wd-fontsize-l\">Guatemala<\/h4> \n\t\t\t\t\t\t\t<\/div>\n\n\t\t\t\t\t<\/div>\n\t\t\t\t\t\t<\/div>\n\t\t\t\t<\/div>\n\t\t\t\t<div class=\"elementor-element elementor-element-62c769ed elementor-widget elementor-widget-wd_timeline\" data-id=\"62c769ed\" data-element_type=\"widget\" data-widget_type=\"wd_timeline.default\">\n\t\t\t\t<div class=\"elementor-widget-container\">\n\t\t\t\t\t\t\t<div class=\"wd-timeline-wrapper wd-item-shadow wd-line-dashed\">\n\t\t\t<div class=\"woodmart-timeline-line\">\n\t\t\t\t<span class=\"line-dot dot-start\"><\/span>\n\t\t\t\t<span class=\"line-dot dot-end\"><\/span>\n\t\t\t<\/div>\n\n\t\t\t<div class=\"wd-timeline\">\n\t\t\t\t\t\t\t\t\t\t\t\t\t\t\t\t\t\t\t\t<div class=\"wd-timeline-breakpoint elementor-repeater-item-72517f7\">\n\t\t\t\t\t\t\t<span class=\"woodmart-timeline-breakpoint-title\">\n\t\t\t\t\t\t\t\tAntigua\t\t\t\t\t\t\t<\/span>\n\t\t\t\t\t\t<\/div>\n\t\t\t\t\t\t\t\t\t\t\t\t\t\t\t\t\t\t\t\t\t\t\t\t\t<div class=\"wd-timeline-item wd-item-position-left elementor-repeater-item-aef73d4\">\n\t\t\t\t\t\t\t<div class=\"woodmart-timeline-dot\"><\/div>\n\n\t\t\t\t\t\t\t<div class=\"timeline-col timeline-col-primary\">\n\t\t\t\t\t\t\t\t<span class=\"timeline-arrow\"><\/span>\n\t\t\t\t\t\t\t\t\n\t\t\t\t\t\t\t\t\n\t\t\t\t\t\t\t\t<div class=\"wd-timeline-content wd-set-mb reset-last-child\">\n\t\t\t\t\t\t\t\t\t<p>Antigua es una encantadora ciudad colonial y Sitio Patrimonio de la Humanidad, conocida por su arquitectura influenciada por el barroco espa\u00f1ol, calles de adoquines y vibrante escena cultural. Visite el famoso Arco de Santa Catalina, la Catedral de Santiago y la Iglesia de La Merced, una impresionante iglesia con una hermosa fachada. Explore los muchos museos de la ciudad, incluyendo el Museo de la Ciudad y el Museo del Libro, para aprender sobre la rica historia y cultura de Antigua. Pasee por las pintorescas calles de la ciudad, visite los mercados locales y compre artesan\u00edas y textiles hechos a mano. No se pierda la vibrante vida nocturna, con muchos bares y restaurantes que sirven comida tradicional guatemalteca y m\u00fasica en vivo.<\/p>\t\t\t\t\t\t\t\t<\/div>\n\t\t\t\t\t\t\t<\/div>\n\n\t\t\t\t\t\t\t<div class=\"timeline-col timeline-col-secondary\">\n\t\t\t\t\t\t\t\t<span class=\"timeline-arrow\"><\/span>\n\t\t\t\t\t\t\t\t\t\t\t\t\t\t\t\t\t<div class=\"wd-timeline-image\">\n\t\t\t\t\t\t\t\t\t\t<img loading=\"lazy\" decoding=\"async\" width=\"1440\" height=\"810\" src=\"https:\/\/itinerary.do\/wp-content\/uploads\/2025\/11\/guatemala_antigua.jpeg\" class=\"attachment-full size-full\" alt=\"\" srcset=\"https:\/\/itinerary.do\/wp-content\/uploads\/2025\/11\/guatemala_antigua.jpeg 1440w, https:\/\/itinerary.do\/wp-content\/uploads\/2025\/11\/guatemala_antigua-430x242.jpeg 430w, https:\/\/itinerary.do\/wp-content\/uploads\/2025\/11\/guatemala_antigua-150x84.jpeg 150w, https:\/\/itinerary.do\/wp-content\/uploads\/2025\/11\/guatemala_antigua-700x394.jpeg 700w, https:\/\/itinerary.do\/wp-content\/uploads\/2025\/11\/guatemala_antigua-400x225.jpeg 400w, https:\/\/itinerary.do\/wp-content\/uploads\/2025\/11\/guatemala_antigua-1300x731.jpeg 1300w, https:\/\/itinerary.do\/wp-content\/uploads\/2025\/11\/guatemala_antigua-768x432.jpeg 768w, https:\/\/itinerary.do\/wp-content\/uploads\/2025\/11\/guatemala_antigua-18x10.jpeg 18w\" sizes=\"auto, (max-width: 1440px) 100vw, 1440px\" \/>\t\t\t\t\t\t\t\t\t<\/div>\n\t\t\t\t\t\t\t\t\n\t\t\t\t\t\t\t\t\n\t\t\t\t\t\t\t\t<div class=\"wd-timeline-content wd-set-mb reset-last-child\">\n\t\t\t\t\t\t\t\t\t\t\t\t\t\t\t\t\t<\/div>\n\t\t\t\t\t\t\t<\/div>\n\t\t\t\t\t\t<\/div>\n\t\t\t\t\t\t\t\t\t\t\t\t\t\t\t\t\t\t\t\t\t\t\t\t\t<div class=\"wd-timeline-breakpoint elementor-repeater-item-be949da\">\n\t\t\t\t\t\t\t<span class=\"woodmart-timeline-breakpoint-title\">\n\t\t\t\t\t\t\t\tCiudad de Guatemala\t\t\t\t\t\t\t<\/span>\n\t\t\t\t\t\t<\/div>\n\t\t\t\t\t\t\t\t\t\t\t\t\t\t\t\t\t\t\t\t\t\t\t\t\t<div class=\"wd-timeline-item wd-item-position-right elementor-repeater-item-f40ab6a\">\n\t\t\t\t\t\t\t<div class=\"woodmart-timeline-dot\"><\/div>\n\n\t\t\t\t\t\t\t<div class=\"timeline-col timeline-col-primary\">\n\t\t\t\t\t\t\t\t<span class=\"timeline-arrow\"><\/span>\n\t\t\t\t\t\t\t\t\n\t\t\t\t\t\t\t\t\n\t\t\t\t\t\t\t\t<div class=\"wd-timeline-content wd-set-mb reset-last-child\">\n\t\t\t\t\t\t\t\t\t<p>La Ciudad de Guatemala es la capital y ciudad m\u00e1s grande de Guatemala, con una poblaci\u00f3n de alrededor de 3 millones de personas. Es un centro pol\u00edtico, social, cultural y econ\u00f3mico importante, y alberga el Parlamento Centroamericano. La ciudad ofrece una mezcla de arquitectura colonial y moderna, con lugares emblem\u00e1ticos como la Plaza de la Constituci\u00f3n, la Catedral Metropolitana y el Palacio Nacional de la Cultura. Los visitantes pueden explorar el Mercado Central para encontrar artesan\u00edas y productos locales, visitar el sitio arqueol\u00f3gico maya de Kaminaljuy\u00fa y disfrutar de la animada vida nocturna en zonas como Zona Viva y Cuatro Grados Norte.<\/p>\t\t\t\t\t\t\t\t<\/div>\n\t\t\t\t\t\t\t<\/div>\n\n\t\t\t\t\t\t\t<div class=\"timeline-col timeline-col-secondary\">\n\t\t\t\t\t\t\t\t<span class=\"timeline-arrow\"><\/span>\n\t\t\t\t\t\t\t\t\t\t\t\t\t\t\t\t\t<div class=\"wd-timeline-image\">\n\t\t\t\t\t\t\t\t\t\t<img loading=\"lazy\" decoding=\"async\" width=\"1440\" height=\"810\" src=\"https:\/\/itinerary.do\/wp-content\/uploads\/2025\/11\/ciudad_de_guatemala.jpeg\" class=\"attachment-full size-full\" alt=\"\" srcset=\"https:\/\/itinerary.do\/wp-content\/uploads\/2025\/11\/ciudad_de_guatemala.jpeg 1440w, https:\/\/itinerary.do\/wp-content\/uploads\/2025\/11\/ciudad_de_guatemala-430x242.jpeg 430w, https:\/\/itinerary.do\/wp-content\/uploads\/2025\/11\/ciudad_de_guatemala-150x84.jpeg 150w, https:\/\/itinerary.do\/wp-content\/uploads\/2025\/11\/ciudad_de_guatemala-700x394.jpeg 700w, https:\/\/itinerary.do\/wp-content\/uploads\/2025\/11\/ciudad_de_guatemala-400x225.jpeg 400w, https:\/\/itinerary.do\/wp-content\/uploads\/2025\/11\/ciudad_de_guatemala-1300x731.jpeg 1300w, https:\/\/itinerary.do\/wp-content\/uploads\/2025\/11\/ciudad_de_guatemala-768x432.jpeg 768w, https:\/\/itinerary.do\/wp-content\/uploads\/2025\/11\/ciudad_de_guatemala-18x10.jpeg 18w\" sizes=\"auto, (max-width: 1440px) 100vw, 1440px\" \/>\t\t\t\t\t\t\t\t\t<\/div>\n\t\t\t\t\t\t\t\t\n\t\t\t\t\t\t\t\t\n\t\t\t\t\t\t\t\t<div class=\"wd-timeline-content wd-set-mb reset-last-child\">\n\t\t\t\t\t\t\t\t\t\t\t\t\t\t\t\t\t<\/div>\n\t\t\t\t\t\t\t<\/div>\n\t\t\t\t\t\t<\/div>\n\t\t\t\t\t\t\t\t\t\t\t\t\t\t\t\t\t\t\t\t\t\t\t\t\t<div class=\"wd-timeline-breakpoint elementor-repeater-item-85d82fc\">\n\t\t\t\t\t\t\t<span class=\"woodmart-timeline-breakpoint-title\">\n\t\t\t\t\t\t\t\tLanquin\t\t\t\t\t\t\t<\/span>\n\t\t\t\t\t\t<\/div>\n\t\t\t\t\t\t\t\t\t\t\t\t\t\t\t\t\t\t\t\t\t\t\t\t\t<div class=\"wd-timeline-item wd-item-position-left elementor-repeater-item-d06a9fb\">\n\t\t\t\t\t\t\t<div class=\"woodmart-timeline-dot\"><\/div>\n\n\t\t\t\t\t\t\t<div class=\"timeline-col timeline-col-primary\">\n\t\t\t\t\t\t\t\t<span class=\"timeline-arrow\"><\/span>\n\t\t\t\t\t\t\t\t\n\t\t\t\t\t\t\t\t\n\t\t\t\t\t\t\t\t<div class=\"wd-timeline-content wd-set-mb reset-last-child\">\n\t\t\t\t\t\t\t\t\t<p>Lanquin, tranquilo pueblo andino, es puerta a las piscinas turquesa de Semuc Champey y Cuevas de Lanqu\u00edn repletas de murci\u00e9lagos. Explora aguas esmeralda, sube miradores, flota en el R\u00edo Cahab\u00f3n o visita cascada El Retiro. Cultura Q'eqchi' Maya brilla en mercados locales. 20\u201328\u00b0C templado todo a\u00f1o; seca nov\u2013abr ideal por menos lluvias y paisajes verdes.<\/p>\t\t\t\t\t\t\t\t<\/div>\n\t\t\t\t\t\t\t<\/div>\n\n\t\t\t\t\t\t\t<div class=\"timeline-col timeline-col-secondary\">\n\t\t\t\t\t\t\t\t<span class=\"timeline-arrow\"><\/span>\n\t\t\t\t\t\t\t\t\t\t\t\t\t\t\t\t\t<div class=\"wd-timeline-image\">\n\t\t\t\t\t\t\t\t\t\t<img loading=\"lazy\" decoding=\"async\" width=\"1440\" height=\"810\" src=\"https:\/\/itinerary.do\/wp-content\/uploads\/2025\/11\/lanquin.jpeg\" class=\"attachment-full size-full\" alt=\"\" srcset=\"https:\/\/itinerary.do\/wp-content\/uploads\/2025\/11\/lanquin.jpeg 1440w, https:\/\/itinerary.do\/wp-content\/uploads\/2025\/11\/lanquin-430x242.jpeg 430w, https:\/\/itinerary.do\/wp-content\/uploads\/2025\/11\/lanquin-150x84.jpeg 150w, https:\/\/itinerary.do\/wp-content\/uploads\/2025\/11\/lanquin-700x394.jpeg 700w, https:\/\/itinerary.do\/wp-content\/uploads\/2025\/11\/lanquin-400x225.jpeg 400w, https:\/\/itinerary.do\/wp-content\/uploads\/2025\/11\/lanquin-1300x731.jpeg 1300w, https:\/\/itinerary.do\/wp-content\/uploads\/2025\/11\/lanquin-768x432.jpeg 768w, https:\/\/itinerary.do\/wp-content\/uploads\/2025\/11\/lanquin-18x10.jpeg 18w\" sizes=\"auto, (max-width: 1440px) 100vw, 1440px\" \/>\t\t\t\t\t\t\t\t\t<\/div>\n\t\t\t\t\t\t\t\t\n\t\t\t\t\t\t\t\t\n\t\t\t\t\t\t\t\t<div class=\"wd-timeline-content wd-set-mb reset-last-child\">\n\t\t\t\t\t\t\t\t\t\t\t\t\t\t\t\t\t<\/div>\n\t\t\t\t\t\t\t<\/div>\n\t\t\t\t\t\t<\/div>\n\t\t\t\t\t\t\t\t\t\t\t\t\t\t\t\t\t\t\t\t\t\t\t\t\t<div class=\"wd-timeline-breakpoint elementor-repeater-item-abcf90e\">\n\t\t\t\t\t\t\t<span class=\"woodmart-timeline-breakpoint-title\">\n\t\t\t\t\t\t\t\tFlores\t\t\t\t\t\t\t<\/span>\n\t\t\t\t\t\t<\/div>\n\t\t\t\t\t\t\t\t\t\t\t\t\t\t\t\t\t\t\t\t\t\t\t\t\t<div class=\"wd-timeline-item wd-item-position-right elementor-repeater-item-6f97302\">\n\t\t\t\t\t\t\t<div class=\"woodmart-timeline-dot\"><\/div>\n\n\t\t\t\t\t\t\t<div class=\"timeline-col timeline-col-primary\">\n\t\t\t\t\t\t\t\t<span class=\"timeline-arrow\"><\/span>\n\t\t\t\t\t\t\t\t\n\t\t\t\t\t\t\t\t\n\t\t\t\t\t\t\t\t<div class=\"wd-timeline-content wd-set-mb reset-last-child\">\n\t\t\t\t\t\t\t\t\t<p>Flores, pintoresco pueblo isle\u00f1o en Lago Pet\u00e9n Itz\u00e1, une calles coloniales con historia maya. Pasea por muelles coloridos, visita la catedral o navega a petroglifos. Puerta a pir\u00e1mides de Tikal y ruinas Yaxh\u00e1 en selva. Observa monos aulladores y tucanes. Tropical 24\u201332\u00b0C todo a\u00f1o; seca feb\u2013may perfecta por cielos claros y menos mosquitos.<\/p>\t\t\t\t\t\t\t\t<\/div>\n\t\t\t\t\t\t\t<\/div>\n\n\t\t\t\t\t\t\t<div class=\"timeline-col timeline-col-secondary\">\n\t\t\t\t\t\t\t\t<span class=\"timeline-arrow\"><\/span>\n\t\t\t\t\t\t\t\t\t\t\t\t\t\t\t\t\t<div class=\"wd-timeline-image\">\n\t\t\t\t\t\t\t\t\t\t<img loading=\"lazy\" decoding=\"async\" width=\"1440\" height=\"810\" src=\"https:\/\/itinerary.do\/wp-content\/uploads\/2025\/11\/flores_guatemala.jpeg\" class=\"attachment-full size-full\" alt=\"\" srcset=\"https:\/\/itinerary.do\/wp-content\/uploads\/2025\/11\/flores_guatemala.jpeg 1440w, https:\/\/itinerary.do\/wp-content\/uploads\/2025\/11\/flores_guatemala-430x242.jpeg 430w, https:\/\/itinerary.do\/wp-content\/uploads\/2025\/11\/flores_guatemala-150x84.jpeg 150w, https:\/\/itinerary.do\/wp-content\/uploads\/2025\/11\/flores_guatemala-700x394.jpeg 700w, https:\/\/itinerary.do\/wp-content\/uploads\/2025\/11\/flores_guatemala-400x225.jpeg 400w, https:\/\/itinerary.do\/wp-content\/uploads\/2025\/11\/flores_guatemala-1300x731.jpeg 1300w, https:\/\/itinerary.do\/wp-content\/uploads\/2025\/11\/flores_guatemala-768x432.jpeg 768w, https:\/\/itinerary.do\/wp-content\/uploads\/2025\/11\/flores_guatemala-18x10.jpeg 18w\" sizes=\"auto, (max-width: 1440px) 100vw, 1440px\" \/>\t\t\t\t\t\t\t\t\t<\/div>\n\t\t\t\t\t\t\t\t\n\t\t\t\t\t\t\t\t\n\t\t\t\t\t\t\t\t<div class=\"wd-timeline-content wd-set-mb reset-last-child\">\n\t\t\t\t\t\t\t\t\t\t\t\t\t\t\t\t\t<\/div>\n\t\t\t\t\t\t\t<\/div>\n\t\t\t\t\t\t<\/div>\n\t\t\t\t\t\t\t\t\t\t\t\t\t\t\t\t\t\t\t\t\t\t\t\t\t<div class=\"wd-timeline-breakpoint elementor-repeater-item-0a44f48\">\n\t\t\t\t\t\t\t<span class=\"woodmart-timeline-breakpoint-title\">\n\t\t\t\t\t\t\t\tAtitlan\t\t\t\t\t\t\t<\/span>\n\t\t\t\t\t\t<\/div>\n\t\t\t\t\t\t\t\t\t\t\t\t\t\t\t\t\t\t\t\t\t\t\t\t\t<div class=\"wd-timeline-item wd-item-position-left elementor-repeater-item-d4db861\">\n\t\t\t\t\t\t\t<div class=\"woodmart-timeline-dot\"><\/div>\n\n\t\t\t\t\t\t\t<div class=\"timeline-col timeline-col-primary\">\n\t\t\t\t\t\t\t\t<span class=\"timeline-arrow\"><\/span>\n\t\t\t\t\t\t\t\t\n\t\t\t\t\t\t\t\t\n\t\t\t\t\t\t\t\t<div class=\"wd-timeline-content wd-set-mb reset-last-child\">\n\t\t\t\t\t\t\t\t\t<p>Atitl\u00e1n, lago volc\u00e1nico impactante rodeado de tres conos y pueblos mayas, asombra con aguas azul profundo y picos brumosos. Rema a San Juan La Laguna por textiles, sube Volc\u00e1n San Pedro o rel\u00e1jate en mercados de Panajachel. Cultura Tz\u2019utujil florece. 18\u201325\u00b0C templado todo a\u00f1o; seca nov\u2013abr ideal por aguas tranquilas y vistas claras a volcanes.<\/p>\t\t\t\t\t\t\t\t<\/div>\n\t\t\t\t\t\t\t<\/div>\n\n\t\t\t\t\t\t\t<div class=\"timeline-col timeline-col-secondary\">\n\t\t\t\t\t\t\t\t<span class=\"timeline-arrow\"><\/span>\n\t\t\t\t\t\t\t\t\t\t\t\t\t\t\t\t\t<div class=\"wd-timeline-image\">\n\t\t\t\t\t\t\t\t\t\t<img loading=\"lazy\" decoding=\"async\" width=\"1440\" height=\"810\" src=\"https:\/\/itinerary.do\/wp-content\/uploads\/2025\/11\/atitlan_guatemala.jpeg\" class=\"attachment-full size-full\" alt=\"\" srcset=\"https:\/\/itinerary.do\/wp-content\/uploads\/2025\/11\/atitlan_guatemala.jpeg 1440w, https:\/\/itinerary.do\/wp-content\/uploads\/2025\/11\/atitlan_guatemala-430x242.jpeg 430w, https:\/\/itinerary.do\/wp-content\/uploads\/2025\/11\/atitlan_guatemala-150x84.jpeg 150w, https:\/\/itinerary.do\/wp-content\/uploads\/2025\/11\/atitlan_guatemala-700x394.jpeg 700w, https:\/\/itinerary.do\/wp-content\/uploads\/2025\/11\/atitlan_guatemala-400x225.jpeg 400w, https:\/\/itinerary.do\/wp-content\/uploads\/2025\/11\/atitlan_guatemala-1300x731.jpeg 1300w, https:\/\/itinerary.do\/wp-content\/uploads\/2025\/11\/atitlan_guatemala-768x432.jpeg 768w, https:\/\/itinerary.do\/wp-content\/uploads\/2025\/11\/atitlan_guatemala-18x10.jpeg 18w\" sizes=\"auto, (max-width: 1440px) 100vw, 1440px\" \/>\t\t\t\t\t\t\t\t\t<\/div>\n\t\t\t\t\t\t\t\t\n\t\t\t\t\t\t\t\t\n\t\t\t\t\t\t\t\t<div class=\"wd-timeline-content wd-set-mb reset-last-child\">\n\t\t\t\t\t\t\t\t\t\t\t\t\t\t\t\t\t<\/div>\n\t\t\t\t\t\t\t<\/div>\n\t\t\t\t\t\t<\/div>\n\t\t\t\t\t\t\t\t\t\t\t\t<\/div>\n\t\t<\/div>\n\t\t\t\t\t\t<\/div>\n\t\t\t\t<\/div>\n\t\t\t\t\t<\/div>\n\t\t<\/div>\n\t\t\t\t\t<\/div>\n\t\t<\/section>\n\t\t\t\t<\/div>","protected":false},"excerpt":{"rendered":"<p>Where the Past Still Breathes \u2014 Guatemala Awaits Guatemala Antigua Antigua is a charming colonial city and UNESCO World Heritage<\/p>","protected":false},"author":2,"featured_media":0,"parent":0,"menu_order":0,"comment_status":"closed","ping_status":"closed","template":"","meta":{"footnotes":""},"class_list":["post-24289","page","type-page","status-publish","hentry"],"_links":{"self":[{"href":"https:\/\/itinerary.do\/es\/wp-json\/wp\/v2\/pages\/24289","targetHints":{"allow":["GET"]}}],"collection":[{"href":"https:\/\/itinerary.do\/es\/wp-json\/wp\/v2\/pages"}],"about":[{"href":"https:\/\/itinerary.do\/es\/wp-json\/wp\/v2\/types\/page"}],"author":[{"embeddable":true,"href":"https:\/\/itinerary.do\/es\/wp-json\/wp\/v2\/users\/2"}],"replies":[{"embeddable":true,"href":"https:\/\/itinerary.do\/es\/wp-json\/wp\/v2\/comments?post=24289"}],"version-history":[{"count":19,"href":"https:\/\/itinerary.do\/es\/wp-json\/wp\/v2\/pages\/24289\/revisions"}],"predecessor-version":[{"id":24508,"href":"https:\/\/itinerary.do\/es\/wp-json\/wp\/v2\/pages\/24289\/revisions\/24508"}],"wp:attachment":[{"href":"https:\/\/itinerary.do\/es\/wp-json\/wp\/v2\/media?parent=24289"}],"curies":[{"name":"wp","href":"https:\/\/api.w.org\/{rel}","templated":true}]}}