{"id":24333,"date":"2025-10-21T15:55:05","date_gmt":"2025-10-21T15:55:05","guid":{"rendered":"https:\/\/itinerary.do\/?page_id=24333"},"modified":"2025-11-11T07:54:27","modified_gmt":"2025-11-11T07:54:27","slug":"panama","status":"publish","type":"page","link":"https:\/\/itinerary.do\/es\/panama\/","title":{"rendered":"Panam\u00e1"},"content":{"rendered":"<div data-elementor-type=\"wp-page\" data-elementor-id=\"24333\" class=\"elementor elementor-24333\">\n\t\t\t\t<div class=\"wd-negative-gap elementor-element elementor-element-23546e2 wd-section-stretch e-flex e-con-boxed e-con e-parent\" data-id=\"23546e2\" data-element_type=\"container\" data-settings=\"{&quot;background_background&quot;:&quot;classic&quot;}\">\n\t\t\t\t\t<div class=\"e-con-inner\">\n\t\t\t\t\t<\/div>\n\t\t\t\t<\/div>\n\t\t\t\t<section class=\"wd-negative-gap elementor-section elementor-top-section elementor-element elementor-element-58a78145 elementor-section-boxed elementor-section-height-default elementor-section-height-default\" data-id=\"58a78145\" data-element_type=\"section\">\n\t\t\t\t\t\t<div class=\"elementor-container elementor-column-gap-default\">\n\t\t\t\t\t<div class=\"elementor-column elementor-col-100 elementor-top-column elementor-element elementor-element-527c601c\" data-id=\"527c601c\" data-element_type=\"column\">\n\t\t\t<div class=\"elementor-widget-wrap elementor-element-populated\">\n\t\t\t\t\t\t<div class=\"elementor-element elementor-element-34d2f4b0 wd-width-100 elementor-widget elementor-widget-wd_title\" data-id=\"34d2f4b0\" data-element_type=\"widget\" data-widget_type=\"wd_title.default\">\n\t\t\t\t<div class=\"elementor-widget-container\">\n\t\t\t\t\t\t\t<div class=\"title-wrapper wd-set-mb reset-last-child wd-title-color-primary wd-title-style-bordered wd-title-size-default text-center\">\n\n\t\t\t\t\t\t\t\t\t\t\t<div class=\"title-subtitle subtitle-color-primary subtitle-style-default wd-fontsize-xs\">\n\t\t\t\t\tAdventure Around Every Corner \u2014 Welcome to Panam\u00e1\t\t\t\t<\/div>\n\t\t\t\n\t\t\t<div class=\"liner-continer\">\n\t\t\t\t<h4 class=\"woodmart-title-container title wd-fontsize-l\">Panam\u00e1<\/h4> \n\t\t\t\t\t\t\t<\/div>\n\n\t\t\t\t\t<\/div>\n\t\t\t\t\t\t<\/div>\n\t\t\t\t<\/div>\n\t\t\t\t<div class=\"elementor-element elementor-element-62c769ed elementor-widget elementor-widget-wd_timeline\" data-id=\"62c769ed\" data-element_type=\"widget\" data-widget_type=\"wd_timeline.default\">\n\t\t\t\t<div class=\"elementor-widget-container\">\n\t\t\t\t\t\t\t<div class=\"wd-timeline-wrapper wd-item-shadow wd-line-dashed\">\n\t\t\t<div class=\"woodmart-timeline-line\">\n\t\t\t\t<span class=\"line-dot dot-start\"><\/span>\n\t\t\t\t<span class=\"line-dot dot-end\"><\/span>\n\t\t\t<\/div>\n\n\t\t\t<div class=\"wd-timeline\">\n\t\t\t\t\t\t\t\t\t\t\t\t\t\t\t\t\t\t\t\t<div class=\"wd-timeline-breakpoint elementor-repeater-item-72517f7\">\n\t\t\t\t\t\t\t<span class=\"woodmart-timeline-breakpoint-title\">\n\t\t\t\t\t\t\t\tCiudad de Panama\t\t\t\t\t\t\t<\/span>\n\t\t\t\t\t\t<\/div>\n\t\t\t\t\t\t\t\t\t\t\t\t\t\t\t\t\t\t\t\t\t\t\t\t\t<div class=\"wd-timeline-item wd-item-position-left elementor-repeater-item-aef73d4\">\n\t\t\t\t\t\t\t<div class=\"woodmart-timeline-dot\"><\/div>\n\n\t\t\t\t\t\t\t<div class=\"timeline-col timeline-col-primary\">\n\t\t\t\t\t\t\t\t<span class=\"timeline-arrow\"><\/span>\n\t\t\t\t\t\t\t\t\n\t\t\t\t\t\t\t\t\n\t\t\t\t\t\t\t\t<div class=\"wd-timeline-content wd-set-mb reset-last-child\">\n\t\t\t\t\t\t\t\t\t<p>Ciudad de Panam\u00e1, Panama\u2019s dynamic capital, fuses sleek skyscrapers with UNESCO Casco Viejo\u2019s colonial charm. Stroll cobblestone streets to Plaza de la Independencia, explore Panama Canal\u2019s Miraflores Locks, savor ceviche in multicultural markets. Biomuseo\u2019s biodiversity, Cinta Costera sunset runs. Tropical 24\u201332\u00b0C; dry Dec\u2013Apr ideal for clear skies and outdoor festivals.<\/p>\t\t\t\t\t\t\t\t<\/div>\n\t\t\t\t\t\t\t<\/div>\n\n\t\t\t\t\t\t\t<div class=\"timeline-col timeline-col-secondary\">\n\t\t\t\t\t\t\t\t<span class=\"timeline-arrow\"><\/span>\n\t\t\t\t\t\t\t\t\t\t\t\t\t\t\t\t\t<div class=\"wd-timeline-image\">\n\t\t\t\t\t\t\t\t\t\t<img loading=\"lazy\" decoding=\"async\" width=\"1440\" height=\"810\" src=\"https:\/\/itinerary.do\/wp-content\/uploads\/2025\/11\/panam_ciudad_de_panama.jpeg\" class=\"attachment-full size-full\" alt=\"\" srcset=\"https:\/\/itinerary.do\/wp-content\/uploads\/2025\/11\/panam_ciudad_de_panama.jpeg 1440w, https:\/\/itinerary.do\/wp-content\/uploads\/2025\/11\/panam_ciudad_de_panama-430x242.jpeg 430w, https:\/\/itinerary.do\/wp-content\/uploads\/2025\/11\/panam_ciudad_de_panama-150x84.jpeg 150w, https:\/\/itinerary.do\/wp-content\/uploads\/2025\/11\/panam_ciudad_de_panama-700x394.jpeg 700w, https:\/\/itinerary.do\/wp-content\/uploads\/2025\/11\/panam_ciudad_de_panama-400x225.jpeg 400w, https:\/\/itinerary.do\/wp-content\/uploads\/2025\/11\/panam_ciudad_de_panama-1300x731.jpeg 1300w, https:\/\/itinerary.do\/wp-content\/uploads\/2025\/11\/panam_ciudad_de_panama-768x432.jpeg 768w, https:\/\/itinerary.do\/wp-content\/uploads\/2025\/11\/panam_ciudad_de_panama-18x10.jpeg 18w\" sizes=\"auto, (max-width: 1440px) 100vw, 1440px\" \/>\t\t\t\t\t\t\t\t\t<\/div>\n\t\t\t\t\t\t\t\t\n\t\t\t\t\t\t\t\t\n\t\t\t\t\t\t\t\t<div class=\"wd-timeline-content wd-set-mb reset-last-child\">\n\t\t\t\t\t\t\t\t\t\t\t\t\t\t\t\t\t<\/div>\n\t\t\t\t\t\t\t<\/div>\n\t\t\t\t\t\t<\/div>\n\t\t\t\t\t\t\t\t\t\t\t\t<\/div>\n\t\t<\/div>\n\t\t\t\t\t\t<\/div>\n\t\t\t\t<\/div>\n\t\t\t\t\t<\/div>\n\t\t<\/div>\n\t\t\t\t\t<\/div>\n\t\t<\/section>\n\t\t\t\t<\/div>","protected":false},"excerpt":{"rendered":"<p>Adventure Around Every Corner \u2014 Welcome to Panam\u00e1 Panam\u00e1 Ciudad de Panama Ciudad de Panam\u00e1, Panama\u2019s dynamic capital, fuses sleek<\/p>","protected":false},"author":2,"featured_media":0,"parent":0,"menu_order":0,"comment_status":"closed","ping_status":"closed","template":"","meta":{"footnotes":""},"class_list":["post-24333","page","type-page","status-publish","hentry"],"_links":{"self":[{"href":"https:\/\/itinerary.do\/es\/wp-json\/wp\/v2\/pages\/24333","targetHints":{"allow":["GET"]}}],"collection":[{"href":"https:\/\/itinerary.do\/es\/wp-json\/wp\/v2\/pages"}],"about":[{"href":"https:\/\/itinerary.do\/es\/wp-json\/wp\/v2\/types\/page"}],"author":[{"embeddable":true,"href":"https:\/\/itinerary.do\/es\/wp-json\/wp\/v2\/users\/2"}],"replies":[{"embeddable":true,"href":"https:\/\/itinerary.do\/es\/wp-json\/wp\/v2\/comments?post=24333"}],"version-history":[{"count":7,"href":"https:\/\/itinerary.do\/es\/wp-json\/wp\/v2\/pages\/24333\/revisions"}],"predecessor-version":[{"id":24627,"href":"https:\/\/itinerary.do\/es\/wp-json\/wp\/v2\/pages\/24333\/revisions\/24627"}],"wp:attachment":[{"href":"https:\/\/itinerary.do\/es\/wp-json\/wp\/v2\/media?parent=24333"}],"curies":[{"name":"wp","href":"https:\/\/api.w.org\/{rel}","templated":true}]}}